{"id":1377,"date":"2024-04-23T20:57:48","date_gmt":"2024-04-23T23:57:48","guid":{"rendered":"https:\/\/easycord.net\/?post_type=product&#038;p=1377"},"modified":"2024-07-23T14:06:24","modified_gmt":"2024-07-23T17:06:24","slug":"organizador-cables-adhesivo-escritorio-mesa-para-7-cables","status":"publish","type":"product","link":"https:\/\/easycord.net\/index.php\/product\/organizador-cables-adhesivo-escritorio-mesa-para-7-cables\/","title":{"rendered":"Organizador Cables Adhesivo Escritorio Mesa Para 7 Cables"},"content":{"rendered":"<p><strong>Caracteristica:<\/strong><\/p>\n<p>\u2705Disfruta de estar limpio y ordenado y rechaza el desorden, a partir de ahora.<\/p>\n<p>\u2705Clips para cables 100% hechos de silicona org\u00e1nica, es suave, no t\u00f3xico, no magn\u00e9tico, antiest\u00e1tico. No da\u00f1ar\u00e1 a beb\u00e9s y mascotas.<\/p>\n<p>\u2705Soporte de cable adecuado para cables de menos de 6mm. F\u00e1cil de organizar y soporte de cable para cargador, USB, tel\u00e9fono, rat\u00f3n, teclado, PC, TV, audio, video, secador de pelo y otros.<\/p>\n<p>\u2705El organizador de cables viene con almohadillas adhesivas 3M. Disfrute de la limpieza, rechace el desorden, p\u00e9guelo en el coche, mesita de noche, oficina, escritorio, pared de TV.<\/p>\n<p>\u2705F\u00e1cil de instalar, muy resistente y sin necesidad de taladrar o fijar tornillos. P\u00e9guelo en cualquier superficie lisa y limpia de su hogar u oficina, como m\u00e1rmol, pl\u00e1stico, madera, vidrio, metal y caucho.<\/p>\n<p><strong>Especificaci\u00f3n:<\/strong><\/p>\n<p>Material: Silicona<\/p>\n<p>Color: Negro<\/p>\n<p>Tama\u00f1os:<\/p>\n<p>7 Ranura: 13.5cm * 1,6cm * 1,2cm<\/p>\n","protected":false},"excerpt":{"rendered":"<p>Caracteristica: \u2705Disfruta de estar limpio y ordenado y rechaza el desorden, a partir de ahora. \u2705Clips para cables 100% hechos [&hellip;]<\/p>\n","protected":false},"featured_media":1426,"template":"","meta":{"site-sidebar-layout":"default","site-content-layout":"","ast-site-content-layout":"default","site-content-style":"default","site-sidebar-style":"default","ast-global-header-display":"","ast-banner-title-visibility":"","ast-main-header-display":"","ast-hfb-above-header-display":"","ast-hfb-below-header-display":"","ast-hfb-mobile-header-display":"","site-post-title":"","ast-breadcrumbs-content":"","ast-featured-img":"","footer-sml-layout":"","ast-disable-related-posts":"","theme-transparent-header-meta":"default","adv-header-id-meta":"","stick-header-meta":"","header-above-stick-meta":"","header-main-stick-meta":"","header-below-stick-meta":"","astra-migrate-meta-layouts":"set","ast-page-background-enabled":"default","ast-page-background-meta":{"desktop":{"background-color":"var(--ast-global-color-4)","background-image":"","background-repeat":"repeat","background-position":"center center","background-size":"auto","background-attachment":"scroll","background-type":"","background-media":"","overlay-type":"","overlay-color":"","overlay-opacity":"","overlay-gradient":""},"tablet":{"background-color":"","background-image":"","background-repeat":"repeat","background-position":"center center","background-size":"auto","background-attachment":"scroll","background-type":"","background-media":"","overlay-type":"","overlay-color":"","overlay-opacity":"","overlay-gradient":""},"mobile":{"background-color":"","background-image":"","background-repeat":"repeat","background-position":"center center","background-size":"auto","background-attachment":"scroll","background-type":"","background-media":"","overlay-type":"","overlay-color":"","overlay-opacity":"","overlay-gradient":""}},"ast-content-background-meta":{"desktop":{"background-color":"var(--ast-global-color-5)","background-image":"","background-repeat":"repeat","background-position":"center center","background-size":"auto","background-attachment":"scroll","background-type":"","background-media":"","overlay-type":"","overlay-color":"","overlay-opacity":"","overlay-gradient":""},"tablet":{"background-color":"var(--ast-global-color-5)","background-image":"","background-repeat":"repeat","background-position":"center center","background-size":"auto","background-attachment":"scroll","background-type":"","background-media":"","overlay-type":"","overlay-color":"","overlay-opacity":"","overlay-gradient":""},"mobile":{"background-color":"var(--ast-global-color-5)","background-image":"","background-repeat":"repeat","background-position":"center center","background-size":"auto","background-attachment":"scroll","background-type":"","background-media":"","overlay-type":"","overlay-color":"","overlay-opacity":"","overlay-gradient":""}},"_joinchat":[]},"product_brand":[],"product_cat":[36],"product_tag":[],"class_list":{"0":"post-1377","1":"product","2":"type-product","3":"status-publish","4":"has-post-thumbnail","6":"product_cat-clips-y-velcros","7":"desktop-align-left","8":"tablet-align-left","9":"mobile-align-left","11":"first","12":"instock","13":"shipping-taxable","14":"purchasable","15":"product-type-simple"},"_links":{"self":[{"href":"https:\/\/easycord.net\/index.php\/wp-json\/wp\/v2\/product\/1377","targetHints":{"allow":["GET"]}}],"collection":[{"href":"https:\/\/easycord.net\/index.php\/wp-json\/wp\/v2\/product"}],"about":[{"href":"https:\/\/easycord.net\/index.php\/wp-json\/wp\/v2\/types\/product"}],"wp:featuredmedia":[{"embeddable":true,"href":"https:\/\/easycord.net\/index.php\/wp-json\/wp\/v2\/media\/1426"}],"wp:attachment":[{"href":"https:\/\/easycord.net\/index.php\/wp-json\/wp\/v2\/media?parent=1377"}],"wp:term":[{"taxonomy":"product_brand","embeddable":true,"href":"https:\/\/easycord.net\/index.php\/wp-json\/wp\/v2\/product_brand?post=1377"},{"taxonomy":"product_cat","embeddable":true,"href":"https:\/\/easycord.net\/index.php\/wp-json\/wp\/v2\/product_cat?post=1377"},{"taxonomy":"product_tag","embeddable":true,"href":"https:\/\/easycord.net\/index.php\/wp-json\/wp\/v2\/product_tag?post=1377"}],"curies":[{"name":"wp","href":"https:\/\/api.w.org\/{rel}","templated":true}]}}