{"id":1551,"date":"2024-12-09T06:55:03","date_gmt":"2024-12-09T09:55:03","guid":{"rendered":"https:\/\/easycord.net\/?post_type=product&#038;p=1551"},"modified":"2025-06-22T18:52:09","modified_gmt":"2025-06-22T21:52:09","slug":"1551","status":"publish","type":"product","link":"https:\/\/easycord.net\/index.php\/product\/1551\/","title":{"rendered":"Kit Organiza Cables de Escritorio Precinto Adhesivos 3m Precintos Rollos X45 Pzas"},"content":{"rendered":"<p><strong>KIT ORGANIZADOR DE GESTI\u00d3N DE CABLES DE 45 PIEZAS<\/strong><\/p>\n<p>&#8211; Gestor de cables (1 ranura \u00fanica + 1 tres ranuras + 1 cinco ranuras +1 siete ranuras ): 4 piezas<br \/>\n&#8211; 8 Clips para bridas negro<br \/>\n&#8211; 8 Precintos de 15cm<br \/>\n&#8211; 8 Clips peque\u00f1os negros<br \/>\n&#8211; 5 Clips medianos negros<br \/>\n&#8211; 10 Bridas de velcro negro<br \/>\n&#8211; 5 Metros de Velcro Negro y Azul: 2 piezas<\/p>\n<p><strong>4 TIPOS DE CLIPS PARA CABLES:<\/strong> 21 clips de material PA66 ecol\u00f3gico de alta calidad, no t\u00f3xico, extra fuerte. 4 clips hechos de 100% silicona, duradero y no f\u00e1cil de deformar. El pegamento en la parte inferior de los clips es de cinta 3M de doble cara que no deja marcas, con una adherencia m\u00e1s fuerte, puede adaptarse perfectamente a superficies planas y curvas.<\/p>\n<p><strong>MATERIAL DE ALTA CALIDAD:<\/strong> Hecho de materiales altamente duraderos y de calidad, los componentes incluidos en este kit est\u00e1n construidos para almacenar y administrar, lo que garantiza una organizaci\u00f3n libre de desorden de sus cables. Los soportes de cable incluidos cuentan con fuertes Almohadillas autoadhesivas que garantizan que permanezcan fijados a la superficie deseada en todo momento.<\/p>\n<p><strong>F\u00c1CIL DE INSTALAR:<\/strong> Nuestras bridas ya vienen con la medida adecuada para la organizaci\u00f3n de la Oficina, el hogar y el escritorio. Los rollos pueden ser cortados a la medida exacta que necesite. Ambos se pueden abrir y cerrar repetidamente hasta 10.000 veces.<\/p>\n","protected":false},"excerpt":{"rendered":"<p>KIT ORGANIZADOR DE GESTI\u00d3N DE CABLES DE 45 PIEZAS &#8211; Gestor de cables (1 ranura \u00fanica + 1 tres ranuras [&hellip;]<\/p>\n","protected":false},"featured_media":1757,"template":"","meta":{"site-sidebar-layout":"default","site-content-layout":"","ast-site-content-layout":"default","site-content-style":"default","site-sidebar-style":"default","ast-global-header-display":"","ast-banner-title-visibility":"","ast-main-header-display":"","ast-hfb-above-header-display":"","ast-hfb-below-header-display":"","ast-hfb-mobile-header-display":"","site-post-title":"","ast-breadcrumbs-content":"","ast-featured-img":"","footer-sml-layout":"","ast-disable-related-posts":"","theme-transparent-header-meta":"default","adv-header-id-meta":"","stick-header-meta":"","header-above-stick-meta":"","header-main-stick-meta":"","header-below-stick-meta":"","astra-migrate-meta-layouts":"set","ast-page-background-enabled":"default","ast-page-background-meta":{"desktop":{"background-color":"var(--ast-global-color-4)","background-image":"","background-repeat":"repeat","background-position":"center center","background-size":"auto","background-attachment":"scroll","background-type":"","background-media":"","overlay-type":"","overlay-color":"","overlay-opacity":"","overlay-gradient":""},"tablet":{"background-color":"","background-image":"","background-repeat":"repeat","background-position":"center center","background-size":"auto","background-attachment":"scroll","background-type":"","background-media":"","overlay-type":"","overlay-color":"","overlay-opacity":"","overlay-gradient":""},"mobile":{"background-color":"","background-image":"","background-repeat":"repeat","background-position":"center center","background-size":"auto","background-attachment":"scroll","background-type":"","background-media":"","overlay-type":"","overlay-color":"","overlay-opacity":"","overlay-gradient":""}},"ast-content-background-meta":{"desktop":{"background-color":"var(--ast-global-color-5)","background-image":"","background-repeat":"repeat","background-position":"center center","background-size":"auto","background-attachment":"scroll","background-type":"","background-media":"","overlay-type":"","overlay-color":"","overlay-opacity":"","overlay-gradient":""},"tablet":{"background-color":"var(--ast-global-color-5)","background-image":"","background-repeat":"repeat","background-position":"center center","background-size":"auto","background-attachment":"scroll","background-type":"","background-media":"","overlay-type":"","overlay-color":"","overlay-opacity":"","overlay-gradient":""},"mobile":{"background-color":"var(--ast-global-color-5)","background-image":"","background-repeat":"repeat","background-position":"center center","background-size":"auto","background-attachment":"scroll","background-type":"","background-media":"","overlay-type":"","overlay-color":"","overlay-opacity":"","overlay-gradient":""}},"_joinchat":[]},"product_brand":[],"product_cat":[53,66],"product_tag":[72,68,58,54,27],"class_list":{"0":"post-1551","1":"product","2":"type-product","3":"status-publish","4":"has-post-thumbnail","6":"product_cat-kit-gestion-de-cables","7":"product_cat-lo-mas-vendido","8":"product_tag-3m","9":"product_tag-clips","10":"product_tag-clips-de-escritorio","11":"product_tag-kit","12":"product_tag-organizador-de-cables","13":"desktop-align-left","14":"tablet-align-left","15":"mobile-align-left","17":"first","18":"instock","19":"sale","20":"shipping-taxable","21":"purchasable","22":"product-type-simple"},"_links":{"self":[{"href":"https:\/\/easycord.net\/index.php\/wp-json\/wp\/v2\/product\/1551","targetHints":{"allow":["GET"]}}],"collection":[{"href":"https:\/\/easycord.net\/index.php\/wp-json\/wp\/v2\/product"}],"about":[{"href":"https:\/\/easycord.net\/index.php\/wp-json\/wp\/v2\/types\/product"}],"wp:featuredmedia":[{"embeddable":true,"href":"https:\/\/easycord.net\/index.php\/wp-json\/wp\/v2\/media\/1757"}],"wp:attachment":[{"href":"https:\/\/easycord.net\/index.php\/wp-json\/wp\/v2\/media?parent=1551"}],"wp:term":[{"taxonomy":"product_brand","embeddable":true,"href":"https:\/\/easycord.net\/index.php\/wp-json\/wp\/v2\/product_brand?post=1551"},{"taxonomy":"product_cat","embeddable":true,"href":"https:\/\/easycord.net\/index.php\/wp-json\/wp\/v2\/product_cat?post=1551"},{"taxonomy":"product_tag","embeddable":true,"href":"https:\/\/easycord.net\/index.php\/wp-json\/wp\/v2\/product_tag?post=1551"}],"curies":[{"name":"wp","href":"https:\/\/api.w.org\/{rel}","templated":true}]}}