{"id":1563,"date":"2024-12-09T07:03:54","date_gmt":"2024-12-09T10:03:54","guid":{"rendered":"https:\/\/easycord.net\/?post_type=product&#038;p=1563"},"modified":"2025-05-28T11:09:13","modified_gmt":"2025-05-28T14:09:13","slug":"set-x15-organizador-de-varios-cables-clip-ajustable-adhesivo-3m","status":"publish","type":"product","link":"https:\/\/easycord.net\/index.php\/product\/set-x15-organizador-de-varios-cables-clip-ajustable-adhesivo-3m\/","title":{"rendered":"Set X15 Organizador De Varios Cables Clip Ajustable Adhesivo 3M"},"content":{"rendered":"<p><strong>ESPECIFICACI\u00d3N:<\/strong><br \/>\nMaterial: Nylon.<br \/>\nTama\u00f1o: 11cm * 1,8cm.<\/p>\n<p><strong>MATERIAL DE ALTA CALIDAD:<\/strong> Nuestros clips adhesivos para cables est\u00e1n hechos de material de nailon de alta calidad, buena dureza y durabilidad.<\/p>\n<p><strong>BRIDAS ADHESIVAS AJUSTABLES:<\/strong> con dise\u00f1o ajustable, nuestras bridas adhesivas pueden satisfacer sus necesidades para administrar diferentes tama\u00f1os de cable. Puede agregar o quitar cables f\u00e1cilmente sin ninguna otra herramienta.<\/p>\n<p><strong>ADHESI\u00d3N FUERTE:<\/strong> Las alfombrillas autoadhesivas 3M pueden ser muy buenas y duraderas en cualquier superficie limpia y lisa, como pl\u00e1stico, madera, vidrio, metal, caucho, etc.<\/p>\n<p><strong>ADECUADO PARA LA GESTI\u00d3N DE CABLES:<\/strong> Ideal para asegurar todos los tipos regulares de cables en paredes y debajo del escritorio, como cables coaxiales, cables de televisi\u00f3n digital, cables audiovisuales, cables de alimentaci\u00f3n, cables de iluminaci\u00f3n el\u00e9ctrica, cables de red, cables de tel\u00e9fonos, cables USB y CAT5\/CAT6.<\/p>\n<p><strong>BRIDAS DE CABLES REUTILIZABLES:<\/strong> Si la almohadilla adhesiva falla, el soporte de la brida de cables se puede fijar con un tornillo.<\/p>\n","protected":false},"excerpt":{"rendered":"<p>ESPECIFICACI\u00d3N: Material: Nylon. Tama\u00f1o: 11cm * 1,8cm. MATERIAL DE ALTA CALIDAD: Nuestros clips adhesivos para cables est\u00e1n hechos de material [&hellip;]<\/p>\n","protected":false},"featured_media":1564,"template":"","meta":{"site-sidebar-layout":"default","site-content-layout":"","ast-site-content-layout":"default","site-content-style":"default","site-sidebar-style":"default","ast-global-header-display":"","ast-banner-title-visibility":"","ast-main-header-display":"","ast-hfb-above-header-display":"","ast-hfb-below-header-display":"","ast-hfb-mobile-header-display":"","site-post-title":"","ast-breadcrumbs-content":"","ast-featured-img":"","footer-sml-layout":"","ast-disable-related-posts":"","theme-transparent-header-meta":"default","adv-header-id-meta":"","stick-header-meta":"","header-above-stick-meta":"","header-main-stick-meta":"","header-below-stick-meta":"","astra-migrate-meta-layouts":"set","ast-page-background-enabled":"default","ast-page-background-meta":{"desktop":{"background-color":"var(--ast-global-color-4)","background-image":"","background-repeat":"repeat","background-position":"center center","background-size":"auto","background-attachment":"scroll","background-type":"","background-media":"","overlay-type":"","overlay-color":"","overlay-opacity":"","overlay-gradient":""},"tablet":{"background-color":"","background-image":"","background-repeat":"repeat","background-position":"center center","background-size":"auto","background-attachment":"scroll","background-type":"","background-media":"","overlay-type":"","overlay-color":"","overlay-opacity":"","overlay-gradient":""},"mobile":{"background-color":"","background-image":"","background-repeat":"repeat","background-position":"center center","background-size":"auto","background-attachment":"scroll","background-type":"","background-media":"","overlay-type":"","overlay-color":"","overlay-opacity":"","overlay-gradient":""}},"ast-content-background-meta":{"desktop":{"background-color":"var(--ast-global-color-5)","background-image":"","background-repeat":"repeat","background-position":"center center","background-size":"auto","background-attachment":"scroll","background-type":"","background-media":"","overlay-type":"","overlay-color":"","overlay-opacity":"","overlay-gradient":""},"tablet":{"background-color":"var(--ast-global-color-5)","background-image":"","background-repeat":"repeat","background-position":"center center","background-size":"auto","background-attachment":"scroll","background-type":"","background-media":"","overlay-type":"","overlay-color":"","overlay-opacity":"","overlay-gradient":""},"mobile":{"background-color":"var(--ast-global-color-5)","background-image":"","background-repeat":"repeat","background-position":"center center","background-size":"auto","background-attachment":"scroll","background-type":"","background-media":"","overlay-type":"","overlay-color":"","overlay-opacity":"","overlay-gradient":""}},"_joinchat":[]},"product_brand":[],"product_cat":[36,66],"product_tag":[72,73,68,58,55,27,69],"class_list":{"0":"post-1563","1":"product","2":"type-product","3":"status-publish","4":"has-post-thumbnail","6":"product_cat-clips-y-velcros","7":"product_cat-lo-mas-vendido","8":"product_tag-3m","9":"product_tag-ajustable","10":"product_tag-clips","11":"product_tag-clips-de-escritorio","12":"product_tag-gestion-de-cables","13":"product_tag-organizador-de-cables","14":"product_tag-precinto","15":"desktop-align-left","16":"tablet-align-left","17":"mobile-align-left","19":"first","20":"instock","21":"shipping-taxable","22":"purchasable","23":"product-type-simple"},"_links":{"self":[{"href":"https:\/\/easycord.net\/index.php\/wp-json\/wp\/v2\/product\/1563","targetHints":{"allow":["GET"]}}],"collection":[{"href":"https:\/\/easycord.net\/index.php\/wp-json\/wp\/v2\/product"}],"about":[{"href":"https:\/\/easycord.net\/index.php\/wp-json\/wp\/v2\/types\/product"}],"wp:featuredmedia":[{"embeddable":true,"href":"https:\/\/easycord.net\/index.php\/wp-json\/wp\/v2\/media\/1564"}],"wp:attachment":[{"href":"https:\/\/easycord.net\/index.php\/wp-json\/wp\/v2\/media?parent=1563"}],"wp:term":[{"taxonomy":"product_brand","embeddable":true,"href":"https:\/\/easycord.net\/index.php\/wp-json\/wp\/v2\/product_brand?post=1563"},{"taxonomy":"product_cat","embeddable":true,"href":"https:\/\/easycord.net\/index.php\/wp-json\/wp\/v2\/product_cat?post=1563"},{"taxonomy":"product_tag","embeddable":true,"href":"https:\/\/easycord.net\/index.php\/wp-json\/wp\/v2\/product_tag?post=1563"}],"curies":[{"name":"wp","href":"https:\/\/api.w.org\/{rel}","templated":true}]}}