{"id":43,"date":"2024-02-12T15:10:00","date_gmt":"2024-02-12T18:10:00","guid":{"rendered":"https:\/\/easycord.net\/?post_type=product&#038;p=43"},"modified":"2025-07-05T12:39:49","modified_gmt":"2025-07-05T15:39:49","slug":"clip-organizador-de-envoltura-de-cables-para-electrodomesticos-de-cocina-freidora-de-aire-maquina-de-cafe","status":"publish","type":"product","link":"https:\/\/easycord.net\/index.php\/product\/clip-organizador-de-envoltura-de-cables-para-electrodomesticos-de-cocina-freidora-de-aire-maquina-de-cafe\/","title":{"rendered":"Clip sujeta cables autoadhesivo, Electrodom\u00e9sticos, Utensilio de Cocina, Soporte para Estante, Pared, Ba\u00f1o"},"content":{"rendered":"<p><strong id=\"tl_1\" data-spm-anchor-id=\"a2g0o.detail.1000023.i0.25070h5F0h5FOm\">Caracter\u00edsticas:<\/strong><\/p>\n<p id=\"tl_2\"><strong>Material de seguridad de alta calidad:<\/strong> Hecho de TPR de alta calidad, duradero y no f\u00e1cil de deformar.<\/p>\n<p>El pegamento en la parte inferior es una cinta de doble cara que no deja marcas, se pega firmemente y no se cae f\u00e1cilmente.<\/p>\n<p>Para asegurar una conexi\u00f3n firme, frote y limpie las superficies del equipo conectado con agua limpia antes de conectar el organizador de cables.<\/p>\n<p id=\"tl_3\"><strong>Amplia gama de aplicaciones:<\/strong> Nuestro organizador de cables es adecuado para m\u00e1s del 80% de electrodom\u00e9sticos y se puede<\/p>\n<p>aplicar a diversos equipos de cocina, como batidoras de pie, cafeteras, freidoras de aire, hervidores el\u00e9ctricos, tostadoras, ollas a<\/p>\n<p>presi\u00f3n, exprimidores; peque\u00f1os electrodom\u00e9sticos, televisores, ordenadores, etc.<\/p>\n<p id=\"tl_4\"><strong>Soporta una variedad de paneles:<\/strong> Se pueden pegar una variedad de paneles, y el adhesivo admite una variedad de tipos de<\/p>\n<p>materiales: madera, vidrio, metal, pl\u00e1stico, cuero, azulejos, ladrillos, papel pintado.<\/p>\n<p><strong>Potente y conveniente:<\/strong> Aqu\u00ed hay un peque\u00f1o <span style=\"font-size: 16px;\">organizador de cables dise\u00f1ado para eliminar el desorden de los cables de su hogar. <\/span><\/p>\n<p><span style=\"font-size: 16px;\">Le permite envolver f\u00e1cilmente el cable con una mano.<\/span><\/p>\n<p>Todos los cables de su equipo de cocina estar\u00e1n en orden.<\/p>\n<p>&nbsp;<\/p>\n<p><strong>Especificaci\u00f3n:<\/strong><\/p>\n<p><strong>Material:<\/strong> Silicona<\/p>\n<p><strong>Color:<\/strong> Negro, Gris<\/p>\n<p><strong>Tama\u00f1o Clip:<\/strong> 103mm * 30mm * 28mm<\/p>\n<p><strong>Cantidad:<\/strong> 1\/2\/3\/4\/5\/6\/<\/p>\n<p>&nbsp;<\/p>\n","protected":false},"excerpt":{"rendered":"<p>Caracter\u00edsticas: Material de seguridad de alta calidad: Hecho de TPR de alta calidad, duradero y no f\u00e1cil de deformar. El [&hellip;]<\/p>\n","protected":false},"featured_media":1773,"template":"","meta":{"site-sidebar-layout":"default","site-content-layout":"","ast-site-content-layout":"default","site-content-style":"default","site-sidebar-style":"default","ast-global-header-display":"","ast-banner-title-visibility":"","ast-main-header-display":"","ast-hfb-above-header-display":"","ast-hfb-below-header-display":"","ast-hfb-mobile-header-display":"","site-post-title":"","ast-breadcrumbs-content":"","ast-featured-img":"","footer-sml-layout":"","ast-disable-related-posts":"","theme-transparent-header-meta":"default","adv-header-id-meta":"","stick-header-meta":"","header-above-stick-meta":"","header-main-stick-meta":"","header-below-stick-meta":"","astra-migrate-meta-layouts":"set","ast-page-background-enabled":"default","ast-page-background-meta":{"desktop":{"background-color":"var(--ast-global-color-4)","background-image":"","background-repeat":"repeat","background-position":"center center","background-size":"auto","background-attachment":"scroll","background-type":"","background-media":"","overlay-type":"","overlay-color":"","overlay-opacity":"","overlay-gradient":""},"tablet":{"background-color":"","background-image":"","background-repeat":"repeat","background-position":"center center","background-size":"auto","background-attachment":"scroll","background-type":"","background-media":"","overlay-type":"","overlay-color":"","overlay-opacity":"","overlay-gradient":""},"mobile":{"background-color":"","background-image":"","background-repeat":"repeat","background-position":"center center","background-size":"auto","background-attachment":"scroll","background-type":"","background-media":"","overlay-type":"","overlay-color":"","overlay-opacity":"","overlay-gradient":""}},"ast-content-background-meta":{"desktop":{"background-color":"var(--ast-global-color-5)","background-image":"","background-repeat":"repeat","background-position":"center center","background-size":"auto","background-attachment":"scroll","background-type":"","background-media":"","overlay-type":"","overlay-color":"","overlay-opacity":"","overlay-gradient":""},"tablet":{"background-color":"var(--ast-global-color-5)","background-image":"","background-repeat":"repeat","background-position":"center center","background-size":"auto","background-attachment":"scroll","background-type":"","background-media":"","overlay-type":"","overlay-color":"","overlay-opacity":"","overlay-gradient":""},"mobile":{"background-color":"var(--ast-global-color-5)","background-image":"","background-repeat":"repeat","background-position":"center center","background-size":"auto","background-attachment":"scroll","background-type":"","background-media":"","overlay-type":"","overlay-color":"","overlay-opacity":"","overlay-gradient":""}},"_joinchat":[]},"product_brand":[],"product_cat":[36,66],"product_tag":[38,31,37,41,40,27,39],"class_list":{"0":"post-43","1":"product","2":"type-product","3":"status-publish","4":"has-post-thumbnail","6":"product_cat-clips-y-velcros","7":"product_cat-lo-mas-vendido","8":"product_tag-clips-de-cocina","9":"product_tag-clips-de-silicona","10":"product_tag-cocina","11":"product_tag-electrodomesticos","12":"product_tag-envoltura","13":"product_tag-organizador-de-cables","14":"product_tag-soporte-silicona","15":"desktop-align-left","16":"tablet-align-left","17":"mobile-align-left","19":"first","20":"instock","21":"shipping-taxable","22":"purchasable","23":"product-type-simple"},"_links":{"self":[{"href":"https:\/\/easycord.net\/index.php\/wp-json\/wp\/v2\/product\/43","targetHints":{"allow":["GET"]}}],"collection":[{"href":"https:\/\/easycord.net\/index.php\/wp-json\/wp\/v2\/product"}],"about":[{"href":"https:\/\/easycord.net\/index.php\/wp-json\/wp\/v2\/types\/product"}],"wp:featuredmedia":[{"embeddable":true,"href":"https:\/\/easycord.net\/index.php\/wp-json\/wp\/v2\/media\/1773"}],"wp:attachment":[{"href":"https:\/\/easycord.net\/index.php\/wp-json\/wp\/v2\/media?parent=43"}],"wp:term":[{"taxonomy":"product_brand","embeddable":true,"href":"https:\/\/easycord.net\/index.php\/wp-json\/wp\/v2\/product_brand?post=43"},{"taxonomy":"product_cat","embeddable":true,"href":"https:\/\/easycord.net\/index.php\/wp-json\/wp\/v2\/product_cat?post=43"},{"taxonomy":"product_tag","embeddable":true,"href":"https:\/\/easycord.net\/index.php\/wp-json\/wp\/v2\/product_tag?post=43"}],"curies":[{"name":"wp","href":"https:\/\/api.w.org\/{rel}","templated":true}]}}