{"id":49,"date":"2024-02-12T15:23:35","date_gmt":"2024-02-12T18:23:35","guid":{"rendered":"https:\/\/easycord.net\/?post_type=product&#038;p=49"},"modified":"2025-07-05T12:36:15","modified_gmt":"2025-07-05T15:36:15","slug":"bridas-desmontables-de-nailon-de-colores-reutilizables-organizador-de-cables","status":"publish","type":"product","link":"https:\/\/easycord.net\/index.php\/product\/bridas-desmontables-de-nailon-de-colores-reutilizables-organizador-de-cables\/","title":{"rendered":"Set 100 Velcros Correas P\/ Sujetar Cables Diferentes Colores Reutilizables"},"content":{"rendered":"<p align=\"start\"><strong>Caracteristica:<\/strong><\/p>\n<p align=\"start\"><strong><span id=\"tl_1\">F\u00c1CIL DE USAR: <\/span><\/strong><span id=\"tl_1\">adecuado para la organizaci\u00f3n de la Oficina, el hogar y el escritorio. Organice, almacene y enrolle r\u00e1pida y f\u00e1cilmente cables, cables y m\u00e1s.<\/span><span id=\"tl_1\"><\/span><\/p>\n<p><strong>MATERIAL PREMIUM: <\/strong><span id=\"tl_1\">Las bridas para cables est\u00e1n hechas de nailon de alta calidad, duradero y reutilizable. <\/span><\/p>\n<p><span id=\"tl_1\">Adecuado para uso en interiores o exteriores.<\/span><span id=\"tl_1\"><\/span><\/p>\n<p><strong>USO VERS\u00c1TIL:<\/strong> <span id=\"tl_1\">Velcro para cables es adecuada para almacenar y administrar cables en computadoras, televisores, est\u00e9reos, tel\u00e9fonos celulares, electrodom\u00e9sticos y m\u00e1s. <\/span><\/p>\n<p><span id=\"tl_1\">Tambi\u00e9n se puede utilizar para mangueras, herramientas, paraguas, plantas, etc.<\/span><span id=\"tl_1\"><\/span><\/p>\n<p><strong>DISE\u00d1O IDEAL:<\/strong> <span id=\"tl_1\">Ideal para uso en interiores o exteriores, en casa, cobertizo, garaje, dormitorio u oficina. <\/span><\/p>\n<p><span id=\"tl_1\">Estos velcros para cables son perfectas para organizar cajones en cajas de herramientas, escritorios o armarios.<\/span><\/p>\n<p>&nbsp;<\/p>\n<p align=\"start\"><span id=\"tl_3\" data-spm-anchor-id=\"a2g0o.detail.1000023.i3.7b4aJ1AZJ1AZlh\"><strong>Especificaci\u00f3n:<\/strong><\/span><\/p>\n<p align=\"start\"><span id=\"tl_3\" data-spm-anchor-id=\"a2g0o.detail.1000023.i3.7b4aJ1AZJ1AZlh\"><em>Set de 100 Correas de Velcro reutilizables de diferentes colores<\/em><\/span><\/p>\n<p align=\"start\"><span id=\"tl_3\" data-spm-anchor-id=\"a2g0o.detail.1000023.i3.7b4aJ1AZJ1AZlh\"><strong>Material:<\/strong> Tela de Nylon.<\/span><\/p>\n<p align=\"start\"><span id=\"tl_3\" data-spm-anchor-id=\"a2g0o.detail.1000023.i3.7b4aJ1AZJ1AZlh\"><br \/>\n<strong>Tama\u00f1o:<\/strong> 20cm * 1,2cm.<\/span><span id=\"tl_3\" data-spm-anchor-id=\"a2g0o.detail.1000023.i3.7b4aJ1AZJ1AZlh\"><\/span><\/p>\n<p align=\"start\"><span id=\"tl_3\" data-spm-anchor-id=\"a2g0o.detail.1000023.i3.7b4aJ1AZJ1AZlh\"><br \/>\n<strong>Caracter\u00edsticas:<\/strong> Vers\u00e1til, Reutilizable y Duradero.<\/span><\/p>\n","protected":false},"excerpt":{"rendered":"<p>Caracteristica: F\u00c1CIL DE USAR: adecuado para la organizaci\u00f3n de la Oficina, el hogar y el escritorio. Organice, almacene y enrolle [&hellip;]<\/p>\n","protected":false},"featured_media":1732,"template":"","meta":{"site-sidebar-layout":"default","site-content-layout":"","ast-site-content-layout":"default","site-content-style":"default","site-sidebar-style":"default","ast-global-header-display":"","ast-banner-title-visibility":"","ast-main-header-display":"","ast-hfb-above-header-display":"","ast-hfb-below-header-display":"","ast-hfb-mobile-header-display":"","site-post-title":"","ast-breadcrumbs-content":"","ast-featured-img":"","footer-sml-layout":"","ast-disable-related-posts":"","theme-transparent-header-meta":"default","adv-header-id-meta":"","stick-header-meta":"","header-above-stick-meta":"","header-main-stick-meta":"","header-below-stick-meta":"","astra-migrate-meta-layouts":"set","ast-page-background-enabled":"default","ast-page-background-meta":{"desktop":{"background-color":"var(--ast-global-color-4)","background-image":"","background-repeat":"repeat","background-position":"center center","background-size":"auto","background-attachment":"scroll","background-type":"","background-media":"","overlay-type":"","overlay-color":"","overlay-opacity":"","overlay-gradient":""},"tablet":{"background-color":"","background-image":"","background-repeat":"repeat","background-position":"center center","background-size":"auto","background-attachment":"scroll","background-type":"","background-media":"","overlay-type":"","overlay-color":"","overlay-opacity":"","overlay-gradient":""},"mobile":{"background-color":"","background-image":"","background-repeat":"repeat","background-position":"center center","background-size":"auto","background-attachment":"scroll","background-type":"","background-media":"","overlay-type":"","overlay-color":"","overlay-opacity":"","overlay-gradient":""}},"ast-content-background-meta":{"desktop":{"background-color":"var(--ast-global-color-5)","background-image":"","background-repeat":"repeat","background-position":"center center","background-size":"auto","background-attachment":"scroll","background-type":"","background-media":"","overlay-type":"","overlay-color":"","overlay-opacity":"","overlay-gradient":""},"tablet":{"background-color":"var(--ast-global-color-5)","background-image":"","background-repeat":"repeat","background-position":"center center","background-size":"auto","background-attachment":"scroll","background-type":"","background-media":"","overlay-type":"","overlay-color":"","overlay-opacity":"","overlay-gradient":""},"mobile":{"background-color":"var(--ast-global-color-5)","background-image":"","background-repeat":"repeat","background-position":"center center","background-size":"auto","background-attachment":"scroll","background-type":"","background-media":"","overlay-type":"","overlay-color":"","overlay-opacity":"","overlay-gradient":""}},"_joinchat":[]},"product_brand":[],"product_cat":[36],"product_tag":[44,42,48,47,45,27,46,43],"class_list":{"0":"post-49","1":"product","2":"type-product","3":"status-publish","4":"has-post-thumbnail","6":"product_cat-clips-y-velcros","7":"product_tag-bridas-de-nailon","8":"product_tag-bridas-de-velcro","9":"product_tag-correas","10":"product_tag-desmontables","11":"product_tag-nailon","12":"product_tag-organizador-de-cables","13":"product_tag-reutilizables","14":"product_tag-velcro","15":"desktop-align-left","16":"tablet-align-left","17":"mobile-align-left","19":"first","20":"instock","21":"shipping-taxable","22":"purchasable","23":"product-type-simple"},"_links":{"self":[{"href":"https:\/\/easycord.net\/index.php\/wp-json\/wp\/v2\/product\/49","targetHints":{"allow":["GET"]}}],"collection":[{"href":"https:\/\/easycord.net\/index.php\/wp-json\/wp\/v2\/product"}],"about":[{"href":"https:\/\/easycord.net\/index.php\/wp-json\/wp\/v2\/types\/product"}],"wp:featuredmedia":[{"embeddable":true,"href":"https:\/\/easycord.net\/index.php\/wp-json\/wp\/v2\/media\/1732"}],"wp:attachment":[{"href":"https:\/\/easycord.net\/index.php\/wp-json\/wp\/v2\/media?parent=49"}],"wp:term":[{"taxonomy":"product_brand","embeddable":true,"href":"https:\/\/easycord.net\/index.php\/wp-json\/wp\/v2\/product_brand?post=49"},{"taxonomy":"product_cat","embeddable":true,"href":"https:\/\/easycord.net\/index.php\/wp-json\/wp\/v2\/product_cat?post=49"},{"taxonomy":"product_tag","embeddable":true,"href":"https:\/\/easycord.net\/index.php\/wp-json\/wp\/v2\/product_tag?post=49"}],"curies":[{"name":"wp","href":"https:\/\/api.w.org\/{rel}","templated":true}]}}