{"id":56,"date":"2024-02-12T15:37:28","date_gmt":"2024-02-12T18:37:28","guid":{"rendered":"https:\/\/easycord.net\/?post_type=product&#038;p=56"},"modified":"2025-06-22T18:39:36","modified_gmt":"2025-06-22T21:39:36","slug":"rollo-sujetadores-de-cable-reutilizables-organizador-de-correa-de-nailon-utoadhesivo-5m-por-rollo","status":"publish","type":"product","link":"https:\/\/easycord.net\/index.php\/product\/rollo-sujetadores-de-cable-reutilizables-organizador-de-correa-de-nailon-utoadhesivo-5m-por-rollo\/","title":{"rendered":"Velcro Rollo Correa Organizador para Fijar Cables Reutilizable 5m por Rollo"},"content":{"rendered":"<div class=\"title--wrap--wDzGayX description--title--ZsqjrTd\">\n<div class=\"title--text--Lx66GPw\">\n<h3 class=\"title--title--RN9Pt03\" data-spm-anchor-id=\"a2g0o.detail.0.i6.4132jWb2jWb20g\">Descripci\u00f3n<\/h3>\n<\/div>\n<\/div>\n<div>\n<div class=\"extend--content--DlnAngg\">\n<div id=\"product-description\" class=\"description--product-description--nxRv0lW\" data-spm=\"1000023\" data-pl=\"product-description\">\n<div class=\"description--origin-part--SsZJoGC\">\n<div class=\"detailmodule_html\">\n<div class=\"detail-desc-decorate-richtext\">\n<div class=\"detailmodule_text\">\n<p class=\"detail-desc-decorate-title\" data-spm-anchor-id=\"a2g0o.detail.1000023.i1.4132jWb2jWb20g\">* Mant\u00e9n tu \u00e1rea de trabajo o estudio organizada con este velcro organizador de cables reutilizable.<\/p>\n<p class=\"detail-desc-decorate-title\" data-spm-anchor-id=\"a2g0o.detail.1000023.i1.4132jWb2jWb20g\">* Gracias a este velcro podr\u00e1s organizar y sujetar tus cables de forma segura, manteni\u00e9ndolos juntos para que tambi\u00e9n sean f\u00e1ciles de alcanzar.<\/p>\n<p class=\"detail-desc-decorate-title\" data-spm-anchor-id=\"a2g0o.detail.1000023.i1.4132jWb2jWb20g\">* Previene ruptura, deformaci\u00f3n y desgaste de cables gracias al suave, pero firme agarre que proporciona el velcro.<\/p>\n<p class=\"detail-desc-decorate-title\" data-spm-anchor-id=\"a2g0o.detail.1000023.i1.4132jWb2jWb20g\">* Puedes cortarlo a la medida exacta que necesites, sea para ordenar los cables en tu escritorio o tus auriculares.<\/p>\n<p class=\"detail-desc-decorate-title\" data-spm-anchor-id=\"a2g0o.detail.1000023.i1.4132jWb2jWb20g\">* Hecho de fibra de nailon resistente apto para reutilizarse las veces que desees.<\/p>\n<p><strong>MEDIDAS<\/strong><\/p>\n<p>&#8211; Largo: 500 cm<\/p>\n<p>&#8211; Ancho: 1,5 cm<\/p>\n<p>&#8211; Espesor: 0.1 cm<\/p>\n<p class=\"detail-desc-decorate-content\" data-spm-anchor-id=\"a2g0o.detail.1000023.i0.4132jWb2jWb20g\"><strong>COLORES:<\/strong><\/p>\n<p data-spm-anchor-id=\"a2g0o.detail.1000023.i0.4132jWb2jWb20g\">&#8211; Azul<\/p>\n<p data-spm-anchor-id=\"a2g0o.detail.1000023.i0.4132jWb2jWb20g\">&#8211; Negro<\/p>\n<p data-spm-anchor-id=\"a2g0o.detail.1000023.i0.4132jWb2jWb20g\">&#8211; Rojo<\/p>\n<\/div>\n<\/div>\n<\/div>\n<\/div>\n<\/div>\n<\/div>\n<\/div>\n","protected":false},"excerpt":{"rendered":"<p>Descripci\u00f3n * Mant\u00e9n tu \u00e1rea de trabajo o estudio organizada con este velcro organizador de cables reutilizable. * Gracias a [&hellip;]<\/p>\n","protected":false},"featured_media":1743,"template":"","meta":{"site-sidebar-layout":"default","site-content-layout":"","ast-site-content-layout":"default","site-content-style":"default","site-sidebar-style":"default","ast-global-header-display":"","ast-banner-title-visibility":"","ast-main-header-display":"","ast-hfb-above-header-display":"","ast-hfb-below-header-display":"","ast-hfb-mobile-header-display":"","site-post-title":"","ast-breadcrumbs-content":"","ast-featured-img":"","footer-sml-layout":"","ast-disable-related-posts":"","theme-transparent-header-meta":"default","adv-header-id-meta":"","stick-header-meta":"","header-above-stick-meta":"","header-main-stick-meta":"","header-below-stick-meta":"","astra-migrate-meta-layouts":"set","ast-page-background-enabled":"default","ast-page-background-meta":{"desktop":{"background-color":"var(--ast-global-color-4)","background-image":"","background-repeat":"repeat","background-position":"center center","background-size":"auto","background-attachment":"scroll","background-type":"","background-media":"","overlay-type":"","overlay-color":"","overlay-opacity":"","overlay-gradient":""},"tablet":{"background-color":"","background-image":"","background-repeat":"repeat","background-position":"center center","background-size":"auto","background-attachment":"scroll","background-type":"","background-media":"","overlay-type":"","overlay-color":"","overlay-opacity":"","overlay-gradient":""},"mobile":{"background-color":"","background-image":"","background-repeat":"repeat","background-position":"center center","background-size":"auto","background-attachment":"scroll","background-type":"","background-media":"","overlay-type":"","overlay-color":"","overlay-opacity":"","overlay-gradient":""}},"ast-content-background-meta":{"desktop":{"background-color":"var(--ast-global-color-5)","background-image":"","background-repeat":"repeat","background-position":"center center","background-size":"auto","background-attachment":"scroll","background-type":"","background-media":"","overlay-type":"","overlay-color":"","overlay-opacity":"","overlay-gradient":""},"tablet":{"background-color":"var(--ast-global-color-5)","background-image":"","background-repeat":"repeat","background-position":"center center","background-size":"auto","background-attachment":"scroll","background-type":"","background-media":"","overlay-type":"","overlay-color":"","overlay-opacity":"","overlay-gradient":""},"mobile":{"background-color":"var(--ast-global-color-5)","background-image":"","background-repeat":"repeat","background-position":"center center","background-size":"auto","background-attachment":"scroll","background-type":"","background-media":"","overlay-type":"","overlay-color":"","overlay-opacity":"","overlay-gradient":""}},"_joinchat":[]},"product_brand":[],"product_cat":[36,66],"product_tag":[44,42,48,47,45,46,49,43],"class_list":{"0":"post-56","1":"product","2":"type-product","3":"status-publish","4":"has-post-thumbnail","6":"product_cat-clips-y-velcros","7":"product_cat-lo-mas-vendido","8":"product_tag-bridas-de-nailon","9":"product_tag-bridas-de-velcro","10":"product_tag-correas","11":"product_tag-desmontables","12":"product_tag-nailon","13":"product_tag-reutilizables","14":"product_tag-rollo-de-velcro","15":"product_tag-velcro","16":"desktop-align-left","17":"tablet-align-left","18":"mobile-align-left","20":"first","21":"instock","22":"sale","23":"shipping-taxable","24":"purchasable","25":"product-type-simple"},"_links":{"self":[{"href":"https:\/\/easycord.net\/index.php\/wp-json\/wp\/v2\/product\/56","targetHints":{"allow":["GET"]}}],"collection":[{"href":"https:\/\/easycord.net\/index.php\/wp-json\/wp\/v2\/product"}],"about":[{"href":"https:\/\/easycord.net\/index.php\/wp-json\/wp\/v2\/types\/product"}],"wp:featuredmedia":[{"embeddable":true,"href":"https:\/\/easycord.net\/index.php\/wp-json\/wp\/v2\/media\/1743"}],"wp:attachment":[{"href":"https:\/\/easycord.net\/index.php\/wp-json\/wp\/v2\/media?parent=56"}],"wp:term":[{"taxonomy":"product_brand","embeddable":true,"href":"https:\/\/easycord.net\/index.php\/wp-json\/wp\/v2\/product_brand?post=56"},{"taxonomy":"product_cat","embeddable":true,"href":"https:\/\/easycord.net\/index.php\/wp-json\/wp\/v2\/product_cat?post=56"},{"taxonomy":"product_tag","embeddable":true,"href":"https:\/\/easycord.net\/index.php\/wp-json\/wp\/v2\/product_tag?post=56"}],"curies":[{"name":"wp","href":"https:\/\/api.w.org\/{rel}","templated":true}]}}