{"id":63,"date":"2024-02-12T15:58:10","date_gmt":"2024-02-12T18:58:10","guid":{"rendered":"https:\/\/easycord.net\/?post_type=product&#038;p=63"},"modified":"2025-03-04T16:58:57","modified_gmt":"2025-03-04T19:58:57","slug":"sujetacables-de-silicona-organizador-de-cables-enrollador-soporte-administrador","status":"publish","type":"product","link":"https:\/\/easycord.net\/index.php\/product\/sujetacables-de-silicona-organizador-de-cables-enrollador-soporte-administrador\/","title":{"rendered":"Set 5 Sujetador de cables de silicona con autobloqueo, Organizador de cables, Enrollador, Soporte, Administrador"},"content":{"rendered":"<h4>Caracter\u00edsticas:<\/h4>\n<div align=\"start\" data-spm-anchor-id=\"a2g0o.detail.1000023.i0.48f81O6c1O6c8E\">* Ideal para la gesti\u00f3n de cables, se puede utilizar para sellar bolsas de aperitivos, apretar utensilios de cocina, asegurar cosas, colgar bolsas, plantas de soporte y m\u00e1s.<\/div>\n<div align=\"start\" data-spm-anchor-id=\"a2g0o.detail.1000023.i0.48f81O6c1O6c8E\">* Duradero y reutilizable, se puede utilizar en interiores o exteriores. No se da\u00f1ar\u00e1 incluso si est\u00e1 expuesto a la luz solar durante mucho tiempo.<\/div>\n<div align=\"start\" data-spm-anchor-id=\"a2g0o.detail.1000023.i0.48f81O6c1O6c8E\">* Dise\u00f1o impermeable, se puede utilizar de forma segura en el agua. Soporta ambiente de alta humedad.<\/div>\n<div align=\"start\" data-spm-anchor-id=\"a2g0o.detail.1000023.i0.48f81O6c1O6c8E\">* La suave carcasa combinada con un fuerte cable interior, es suave y plegable, proporcionando comodidad.<\/div>\n<div align=\"start\" data-spm-anchor-id=\"a2g0o.detail.1000023.i0.48f81O6c1O6c8E\"><\/div>\n<div align=\"start\"><\/div>\n<div align=\"start\"><\/div>\n<div align=\"start\"><\/div>\n<div align=\"start\"><strong>Especificaciones:<\/strong><\/div>\n<div align=\"start\"><strong>Nombre:<\/strong> Brida de silicona<\/div>\n<div align=\"start\"><strong>Material:<\/strong> Silicona<\/div>\n<div align=\"start\"><strong>Color:<\/strong> Rojo, Naranja, Verde, Azul, Negro, Blanco<\/div>\n<div align=\"start\"><strong>Cantidad:<\/strong> 5 uds.\/paquete\/10\/15\/20\/25<\/div>\n<p><strong>Tama\u00f1o:<\/strong> Longitud de la l\u00ednea: 21cm<\/p>\n","protected":false},"excerpt":{"rendered":"<p>Caracter\u00edsticas: * Ideal para la gesti\u00f3n de cables, se puede utilizar para sellar bolsas de aperitivos, apretar utensilios de cocina, [&hellip;]<\/p>\n","protected":false},"featured_media":1435,"template":"","meta":{"site-sidebar-layout":"default","site-content-layout":"","ast-site-content-layout":"default","site-content-style":"default","site-sidebar-style":"default","ast-global-header-display":"","ast-banner-title-visibility":"","ast-main-header-display":"","ast-hfb-above-header-display":"","ast-hfb-below-header-display":"","ast-hfb-mobile-header-display":"","site-post-title":"","ast-breadcrumbs-content":"","ast-featured-img":"","footer-sml-layout":"","ast-disable-related-posts":"","theme-transparent-header-meta":"default","adv-header-id-meta":"","stick-header-meta":"","header-above-stick-meta":"","header-main-stick-meta":"","header-below-stick-meta":"","astra-migrate-meta-layouts":"set","ast-page-background-enabled":"default","ast-page-background-meta":{"desktop":{"background-color":"var(--ast-global-color-4)","background-image":"","background-repeat":"repeat","background-position":"center center","background-size":"auto","background-attachment":"scroll","background-type":"","background-media":"","overlay-type":"","overlay-color":"","overlay-opacity":"","overlay-gradient":""},"tablet":{"background-color":"","background-image":"","background-repeat":"repeat","background-position":"center center","background-size":"auto","background-attachment":"scroll","background-type":"","background-media":"","overlay-type":"","overlay-color":"","overlay-opacity":"","overlay-gradient":""},"mobile":{"background-color":"","background-image":"","background-repeat":"repeat","background-position":"center center","background-size":"auto","background-attachment":"scroll","background-type":"","background-media":"","overlay-type":"","overlay-color":"","overlay-opacity":"","overlay-gradient":""}},"ast-content-background-meta":{"desktop":{"background-color":"var(--ast-global-color-5)","background-image":"","background-repeat":"repeat","background-position":"center center","background-size":"auto","background-attachment":"scroll","background-type":"","background-media":"","overlay-type":"","overlay-color":"","overlay-opacity":"","overlay-gradient":""},"tablet":{"background-color":"var(--ast-global-color-5)","background-image":"","background-repeat":"repeat","background-position":"center center","background-size":"auto","background-attachment":"scroll","background-type":"","background-media":"","overlay-type":"","overlay-color":"","overlay-opacity":"","overlay-gradient":""},"mobile":{"background-color":"var(--ast-global-color-5)","background-image":"","background-repeat":"repeat","background-position":"center center","background-size":"auto","background-attachment":"scroll","background-type":"","background-media":"","overlay-type":"","overlay-color":"","overlay-opacity":"","overlay-gradient":""}},"_joinchat":[]},"product_brand":[],"product_cat":[22],"product_tag":[29,51,26,27,52,24,50],"class_list":{"0":"post-63","1":"product","2":"type-product","3":"status-publish","4":"has-post-thumbnail","6":"product_cat-bridas-de-silicona","7":"product_tag-bridas-de-silicona","8":"product_tag-enrollador","9":"product_tag-enrollador-de-cables","10":"product_tag-organizador-de-cables","11":"product_tag-silicona","12":"product_tag-soporte-de-silicona","13":"product_tag-sujetables","14":"desktop-align-left","15":"tablet-align-left","16":"mobile-align-left","18":"first","19":"instock","20":"shipping-taxable","21":"purchasable","22":"product-type-simple"},"_links":{"self":[{"href":"https:\/\/easycord.net\/index.php\/wp-json\/wp\/v2\/product\/63","targetHints":{"allow":["GET"]}}],"collection":[{"href":"https:\/\/easycord.net\/index.php\/wp-json\/wp\/v2\/product"}],"about":[{"href":"https:\/\/easycord.net\/index.php\/wp-json\/wp\/v2\/types\/product"}],"wp:featuredmedia":[{"embeddable":true,"href":"https:\/\/easycord.net\/index.php\/wp-json\/wp\/v2\/media\/1435"}],"wp:attachment":[{"href":"https:\/\/easycord.net\/index.php\/wp-json\/wp\/v2\/media?parent=63"}],"wp:term":[{"taxonomy":"product_brand","embeddable":true,"href":"https:\/\/easycord.net\/index.php\/wp-json\/wp\/v2\/product_brand?post=63"},{"taxonomy":"product_cat","embeddable":true,"href":"https:\/\/easycord.net\/index.php\/wp-json\/wp\/v2\/product_cat?post=63"},{"taxonomy":"product_tag","embeddable":true,"href":"https:\/\/easycord.net\/index.php\/wp-json\/wp\/v2\/product_tag?post=63"}],"curies":[{"name":"wp","href":"https:\/\/api.w.org\/{rel}","templated":true}]}}