{"id":72,"date":"2024-02-12T17:41:50","date_gmt":"2024-02-12T20:41:50","guid":{"rendered":"https:\/\/easycord.net\/?post_type=product&#038;p=72"},"modified":"2025-07-29T06:55:09","modified_gmt":"2025-07-29T09:55:09","slug":"clips-de-soporte-de-cable-adhesivo-1-3-5-7-ranuras-flexible-gestion-de-cables-soporte-de-cable-usb","status":"publish","type":"product","link":"https:\/\/easycord.net\/index.php\/product\/clips-de-soporte-de-cable-adhesivo-1-3-5-7-ranuras-flexible-gestion-de-cables-soporte-de-cable-usb\/","title":{"rendered":"Set 4 Clips Soporte de Cable Adhesivo 1-3-5-7 ranuras, Flexible, Gesti\u00f3n de Cables, Soporte de Cable USB"},"content":{"rendered":"<p><strong>Descripci\u00f3n:<\/strong><\/p>\n<p><strong>M\u00faltiples modelos disponibles:<\/strong> Disponible en configuraciones de 1 ranura, 3 ranuras, 5 ranuras y 7 ranura, en elegantes opciones negras.<\/p>\n<p><strong>Hecho a mano con cuidado:<\/strong> Material suave, no magn\u00e9tico y antiest\u00e1tico que ofrece flexibilidad al tiempo que proporciona un agarre seguro en sus cables.<\/p>\n<p>Una vez insertados, los cables permanecen en su lugar, eliminando la molestia de desenredar.<\/p>\n<p><strong>Dise\u00f1ado para adaptarse a sus necesidades:<\/strong> Dise\u00f1ado para acomodar cables con un di\u00e1metro de menos de 5mm.<\/p>\n<p>Estos clips para cables son ideales para administrar cables de computadora, cables de audio, cables de carga USB, y cables de red con facilidad.<\/p>\n<p><strong>Excelencia adhesiva:<\/strong> El respaldo adhesivo de doble cara garantiza un agarre firme y duradero.<\/p>\n<p>Adhiri\u00e9ndose perfectamente a superficies lisas y limpias como m\u00e1rmol, pl\u00e1stico, madera, vidrio, metal y caucho.<\/p>\n<p><strong>Diga adi\u00f3s al caos de cables:<\/strong> No m\u00e1s buscar extremos de cable de carga entre muebles o luchar por recuperarlos del suelo.<\/p>\n<p>Nuestro juego organizador de cables mantiene sus cables en su lugar, haci\u00e9ndolos f\u00e1cilmente accesibles siempre que los necesite.<\/p>\n<p><strong>Ponga orden en su espacio con nuestro juego de organizador de cables:<\/strong> La combinaci\u00f3n perfecta de funcionalidad, durabilidad y estilo.<\/p>\n<p>&nbsp;<\/p>\n<p><strong>Especificaci\u00f3n:<\/strong><\/p>\n<p>Material: Silicona<\/p>\n<p>Color: Negro<\/p>\n<p>Tama\u00f1os:<\/p>\n<div>1 Ranura: 2.2cm * 1,6cm * 1,2cm<\/div>\n<div>3 Ranura: 6.8cm * 1,6cm * 1,2cm<\/div>\n<div>5 Ranura: 10.4cm * 1,6cm * 1,2cm<\/div>\n<div>7 Ranura: 13.5cm * 1,6cm * 1,2cm<\/div>\n<div><\/div>\n<p>Cantidad: 1\/2\/3\/4\/5\/6\/<\/p>\n","protected":false},"excerpt":{"rendered":"<p>Descripci\u00f3n: M\u00faltiples modelos disponibles: Disponible en configuraciones de 1 ranura, 3 ranuras, 5 ranuras y 7 ranura, en elegantes opciones [&hellip;]<\/p>\n","protected":false},"featured_media":1433,"template":"","meta":{"site-sidebar-layout":"default","site-content-layout":"","ast-site-content-layout":"default","site-content-style":"default","site-sidebar-style":"default","ast-global-header-display":"","ast-banner-title-visibility":"","ast-main-header-display":"","ast-hfb-above-header-display":"","ast-hfb-below-header-display":"","ast-hfb-mobile-header-display":"","site-post-title":"","ast-breadcrumbs-content":"","ast-featured-img":"","footer-sml-layout":"","ast-disable-related-posts":"","theme-transparent-header-meta":"default","adv-header-id-meta":"","stick-header-meta":"","header-above-stick-meta":"","header-main-stick-meta":"","header-below-stick-meta":"","astra-migrate-meta-layouts":"set","ast-page-background-enabled":"default","ast-page-background-meta":{"desktop":{"background-color":"var(--ast-global-color-4)","background-image":"","background-repeat":"repeat","background-position":"center center","background-size":"auto","background-attachment":"scroll","background-type":"","background-media":"","overlay-type":"","overlay-color":"","overlay-opacity":"","overlay-gradient":""},"tablet":{"background-color":"","background-image":"","background-repeat":"repeat","background-position":"center center","background-size":"auto","background-attachment":"scroll","background-type":"","background-media":"","overlay-type":"","overlay-color":"","overlay-opacity":"","overlay-gradient":""},"mobile":{"background-color":"","background-image":"","background-repeat":"repeat","background-position":"center center","background-size":"auto","background-attachment":"scroll","background-type":"","background-media":"","overlay-type":"","overlay-color":"","overlay-opacity":"","overlay-gradient":""}},"ast-content-background-meta":{"desktop":{"background-color":"var(--ast-global-color-5)","background-image":"","background-repeat":"repeat","background-position":"center center","background-size":"auto","background-attachment":"scroll","background-type":"","background-media":"","overlay-type":"","overlay-color":"","overlay-opacity":"","overlay-gradient":""},"tablet":{"background-color":"var(--ast-global-color-5)","background-image":"","background-repeat":"repeat","background-position":"center center","background-size":"auto","background-attachment":"scroll","background-type":"","background-media":"","overlay-type":"","overlay-color":"","overlay-opacity":"","overlay-gradient":""},"mobile":{"background-color":"var(--ast-global-color-5)","background-image":"","background-repeat":"repeat","background-position":"center center","background-size":"auto","background-attachment":"scroll","background-type":"","background-media":"","overlay-type":"","overlay-color":"","overlay-opacity":"","overlay-gradient":""}},"_joinchat":[]},"product_brand":[],"product_cat":[36,53,66],"product_tag":[59,58,31,57,55,54,27,56,52],"class_list":{"0":"post-72","1":"product","2":"type-product","3":"status-publish","4":"has-post-thumbnail","6":"product_cat-clips-y-velcros","7":"product_cat-kit-gestion-de-cables","8":"product_cat-lo-mas-vendido","9":"product_tag-cables","10":"product_tag-clips-de-escritorio","11":"product_tag-clips-de-silicona","12":"product_tag-flexible","13":"product_tag-gestion-de-cables","14":"product_tag-kit","15":"product_tag-organizador-de-cables","16":"product_tag-ranuras","17":"product_tag-silicona","18":"desktop-align-left","19":"tablet-align-left","20":"mobile-align-left","22":"first","23":"instock","24":"sale","25":"shipping-taxable","26":"purchasable","27":"product-type-simple"},"_links":{"self":[{"href":"https:\/\/easycord.net\/index.php\/wp-json\/wp\/v2\/product\/72","targetHints":{"allow":["GET"]}}],"collection":[{"href":"https:\/\/easycord.net\/index.php\/wp-json\/wp\/v2\/product"}],"about":[{"href":"https:\/\/easycord.net\/index.php\/wp-json\/wp\/v2\/types\/product"}],"wp:featuredmedia":[{"embeddable":true,"href":"https:\/\/easycord.net\/index.php\/wp-json\/wp\/v2\/media\/1433"}],"wp:attachment":[{"href":"https:\/\/easycord.net\/index.php\/wp-json\/wp\/v2\/media?parent=72"}],"wp:term":[{"taxonomy":"product_brand","embeddable":true,"href":"https:\/\/easycord.net\/index.php\/wp-json\/wp\/v2\/product_brand?post=72"},{"taxonomy":"product_cat","embeddable":true,"href":"https:\/\/easycord.net\/index.php\/wp-json\/wp\/v2\/product_cat?post=72"},{"taxonomy":"product_tag","embeddable":true,"href":"https:\/\/easycord.net\/index.php\/wp-json\/wp\/v2\/product_tag?post=72"}],"curies":[{"name":"wp","href":"https:\/\/api.w.org\/{rel}","templated":true}]}}